{"id":17,"date":"2025-05-16T15:25:42","date_gmt":"2025-05-16T13:25:42","guid":{"rendered":"https:\/\/kivukwetuasbl.org\/?page_id=17"},"modified":"2025-05-23T18:17:20","modified_gmt":"2025-05-23T16:17:20","slug":"projets","status":"publish","type":"page","link":"https:\/\/kivukwetuasbl.org\/?page_id=17","title":{"rendered":"Projets"},"content":{"rendered":"\n<div id=\"wp-block-themeisle-blocks-advanced-columns-55b78b58\" class=\"wp-block-themeisle-blocks-advanced-columns alignfull has-3-columns has-desktop-equal-layout has-tablet-equal-layout has-mobile-collapsedRows-layout has-vertical-center ticss-c00aadba\"><div class=\"wp-block-themeisle-blocks-advanced-columns-overlay\"><\/div><div class=\"innerblocks-wrap\">\n<div id=\"wp-block-themeisle-blocks-advanced-column-d16eef57\" class=\"wp-block-themeisle-blocks-advanced-column\">\n<figure class=\"wp-block-image aligncenter size-full\"><img loading=\"lazy\" decoding=\"async\" width=\"720\" height=\"540\" src=\"https:\/\/kivukwetuasbl.org\/wp-content\/uploads\/2025\/05\/1745595572368.jpg\" alt=\"\" class=\"wp-image-59\"\/><\/figure>\n\n\n\n<h3 id=\"wp-block-themeisle-blocks-advanced-heading-af4a6933\" class=\"wp-block-themeisle-blocks-advanced-heading wp-block-themeisle-blocks-advanced-heading-af4a6933\">S\u00e9curit\u00e9 alimentaire<\/h3>\n\n\n\n<p class=\"has-text-align-center has-ti-fg-color has-text-color has-link-color wp-elements-249f2a49c2d535ff0b150cc393ee1afd\">Kivu Kwetu asbl participe activement \u00e0 la lutte contre l&rsquo;ins\u00e9curit\u00e9 alimentaire au Sud-Kivu, reconnaissant que les \u00eatres humains ont besoin de nourriture pour acqu\u00e9rir l&rsquo;\u00e9nergie les nutriments indispensables \u00e0 leur croissance. En RDC, &nbsp;l&rsquo;ins\u00e9curit\u00e9 alimentaire &nbsp;touche principalement les enfants et les femmes.<\/p>\n\n\n\n<div class=\"wp-block-buttons is-content-justification-center is-layout-flex wp-container-core-buttons-is-layout-a89b3969 wp-block-buttons-is-layout-flex\">\n<div class=\"wp-block-button is-style-primary\"><a class=\"wp-block-button__link wp-element-button\">Voir plus<\/a><\/div>\n<\/div>\n<\/div>\n\n\n\n<div id=\"wp-block-themeisle-blocks-advanced-column-bd1b0b6b\" class=\"wp-block-themeisle-blocks-advanced-column\">\n<figure class=\"wp-block-image aligncenter size-full\"><img loading=\"lazy\" decoding=\"async\" width=\"679\" height=\"452\" src=\"https:\/\/kivukwetuasbl.org\/wp-content\/uploads\/2025\/05\/images-22.jpeg\" alt=\"\" class=\"wp-image-54\"\/><\/figure>\n\n\n\n<h3 id=\"wp-block-themeisle-blocks-advanced-heading-112ba0b0\" class=\"wp-block-themeisle-blocks-advanced-heading wp-block-themeisle-blocks-advanced-heading-112ba0b0\">Genre et leadership f\u00e9minin<\/h3>\n\n\n\n<p class=\"has-ti-fg-color has-text-color has-link-color wp-elements-3dca7c1c7db6be0d12e4593c87dea84f\">Nous sensibilisons le public aux questions de genre et aux violences qui y sont li\u00e9es. Nous organisons des ateliers et des formations sur ces th\u00e9matiques, tout en encourageant l&rsquo;autonomisation \u00e9conomique des femmes et en soutenant l&rsquo;\u00e9mergence du leadership f\u00e9minin.<\/p>\n\n\n\n<div class=\"wp-block-buttons is-content-justification-center is-layout-flex wp-container-core-buttons-is-layout-a89b3969 wp-block-buttons-is-layout-flex\">\n<div class=\"wp-block-button is-style-primary\"><a class=\"wp-block-button__link wp-element-button\">Voir plus<\/a><\/div>\n<\/div>\n<\/div>\n\n\n\n<div id=\"wp-block-themeisle-blocks-advanced-column-07b3d357\" class=\"wp-block-themeisle-blocks-advanced-column\">\n<figure class=\"wp-block-image aligncenter\"><img loading=\"lazy\" decoding=\"async\" width=\"800\" height=\"800\" src=\"https:\/\/kivukwetuasbl.org\/wp-content\/uploads\/2025\/05\/Screenshot_20250511-185517.jpg\" alt=\"\" class=\"wp-image-52\"\/><\/figure>\n\n\n\n<h3 id=\"wp-block-themeisle-blocks-advanced-heading-c1dd424b\" class=\"wp-block-themeisle-blocks-advanced-heading wp-block-themeisle-blocks-advanced-heading-c1dd424b\">Protection de l&rsquo;environnement<\/h3>\n\n\n\n<p class=\"has-text-align-center has-ti-fg-color has-text-color has-link-color wp-elements-f296b5fe068c2745a495dda25727d205\">Prot\u00e9geons l&rsquo;environnement et la biodiversit\u00e9 pour garantir un avenir sans r\u00e9chauffement climatique. Nous \u0153uvrons \u00e0 r\u00e9duire la d\u00e9forestation, qu&rsquo;elle soit ill\u00e9gale ou non planifi\u00e9e. Nos points focaux territoriaux m\u00e8nent des actions de sensibilisation communautaire pour lutter contre la d\u00e9forestation<\/p>\n\n\n\n<div class=\"wp-block-buttons is-content-justification-center is-layout-flex wp-container-core-buttons-is-layout-a89b3969 wp-block-buttons-is-layout-flex\">\n<div class=\"wp-block-button is-style-primary\"><a class=\"wp-block-button__link wp-element-button\">Voir plus<\/a><\/div>\n<\/div>\n<\/div>\n<\/div><\/div>\n","protected":false},"excerpt":{"rendered":"","protected":false},"author":1,"featured_media":0,"parent":0,"menu_order":1,"comment_status":"closed","ping_status":"closed","template":"","meta":{"_themeisle_gutenberg_block_has_review":false,"footnotes":""},"class_list":["post-17","page","type-page","status-publish","hentry"],"_links":{"self":[{"href":"https:\/\/kivukwetuasbl.org\/index.php?rest_route=\/wp\/v2\/pages\/17","targetHints":{"allow":["GET"]}}],"collection":[{"href":"https:\/\/kivukwetuasbl.org\/index.php?rest_route=\/wp\/v2\/pages"}],"about":[{"href":"https:\/\/kivukwetuasbl.org\/index.php?rest_route=\/wp\/v2\/types\/page"}],"author":[{"embeddable":true,"href":"https:\/\/kivukwetuasbl.org\/index.php?rest_route=\/wp\/v2\/users\/1"}],"replies":[{"embeddable":true,"href":"https:\/\/kivukwetuasbl.org\/index.php?rest_route=%2Fwp%2Fv2%2Fcomments&post=17"}],"version-history":[{"count":11,"href":"https:\/\/kivukwetuasbl.org\/index.php?rest_route=\/wp\/v2\/pages\/17\/revisions"}],"predecessor-version":[{"id":201,"href":"https:\/\/kivukwetuasbl.org\/index.php?rest_route=\/wp\/v2\/pages\/17\/revisions\/201"}],"wp:attachment":[{"href":"https:\/\/kivukwetuasbl.org\/index.php?rest_route=%2Fwp%2Fv2%2Fmedia&parent=17"}],"curies":[{"name":"wp","href":"https:\/\/api.w.org\/{rel}","templated":true}]}}