{"id":2,"date":"2025-05-15T11:08:52","date_gmt":"2025-05-15T09:08:52","guid":{"rendered":"https:\/\/kivukwetuasbl.org\/?page_id=2"},"modified":"2025-06-05T08:06:21","modified_gmt":"2025-06-05T06:06:21","slug":"page-d-exemple","status":"publish","type":"page","link":"https:\/\/kivukwetuasbl.org\/?page_id=2","title":{"rendered":"Impliquez &#8211; vous"},"content":{"rendered":"\n<p><\/p>\n\n\n\n<div id=\"wp-block-themeisle-blocks-advanced-columns-95c28c19\" class=\"wp-block-themeisle-blocks-advanced-columns alignfull has-1-columns has-desktop-equal-layout has-tablet-equal-layout has-mobile-equal-layout has-vertical-unset\"><div class=\"wp-block-themeisle-blocks-advanced-columns-overlay\"><\/div><div class=\"innerblocks-wrap\">\n<div id=\"wp-block-themeisle-blocks-advanced-column-5d4a582c\" class=\"wp-block-themeisle-blocks-advanced-column\">\n<p class=\"has-text-color\" style=\"color:#ffffff;font-size:clamp(15.747px, 0.984rem + ((1vw - 3.2px) * 1.006), 24px);px\">Ensemble, construisons un monde plus juste, plus durable et plus solidaire. Que vous soyez un citoyen engag\u00e9, un professionnel ou une organisation, il existe plusieurs fa\u00e7ons de contribuer \u00e0 nos actions pour le d\u00e9veloppement, l\u2019environnement, l\u2019\u00e9galit\u00e9 des genres et la s\u00e9curit\u00e9 alimentaire.<\/p>\n<\/div>\n<\/div><\/div>\n\n\n\n<div id=\"wp-block-themeisle-blocks-advanced-columns-6060ad37\" class=\"wp-block-themeisle-blocks-advanced-columns alignfull has-1-columns has-desktop-equal-layout has-tablet-equal-layout has-mobile-equal-layout has-vertical-unset has-light-bg\"><div class=\"wp-block-themeisle-blocks-advanced-columns-overlay\"><\/div><div class=\"innerblocks-wrap\">\n<div id=\"wp-block-themeisle-blocks-advanced-column-e9443913\" class=\"wp-block-themeisle-blocks-advanced-column\">\n<h6 class=\"wp-block-heading has-text-color\" style=\"color:#ee3832\">POURQUOI NOUS CHOISIR<\/h6>\n\n\n\n<h2 class=\"wp-block-heading has-text-color has-link-color wp-elements-feded3cd987ae67960259985d5938b67\" style=\"color:#070731\">8 ans d&rsquo;exp\u00e9riences<\/h2>\n\n\n\n<p class=\"has-text-color has-link-color wp-elements-834b1a6e1d84208f41d31245370543dc\" style=\"color:#070731\">Parce que nous pla\u00e7ons l&rsquo;humain, l&rsquo;environnement et le d\u00e9veloppement durable au c\u0153ur de notre action.<br>Notre approche est inclusive, participative et ancr\u00e9e dans les r\u00e9alit\u00e9s locales.<br>Avec nous, chaque geste compte, chaque voix est entendue, chaque projet cr\u00e9e un impact durable.<\/p>\n\n\n\n<p class=\"has-text-color has-link-color wp-elements-1c6b379175ac71070d9f28401f90184f\" style=\"color:#070731\"><\/p>\n<\/div>\n<\/div><\/div>\n\n\n\n<section id=\"wp-block-themeisle-blocks-advanced-columns-dab9e0bf\" class=\"wp-block-themeisle-blocks-advanced-columns alignfull has-1-columns has-desktop-equal-layout has-tablet-equal-layout has-mobile-equal-layout has-vertical-flex-start\"><div class=\"wp-block-themeisle-blocks-advanced-columns-overlay\"><\/div><div class=\"innerblocks-wrap\">\n<div id=\"wp-block-themeisle-blocks-advanced-column-9df22226\" class=\"wp-block-themeisle-blocks-advanced-column\">\n<section id=\"wp-block-themeisle-blocks-advanced-columns-25c95699\" class=\"wp-block-themeisle-blocks-advanced-columns has-1-columns has-desktop-equal-layout has-tablet-equal-layout has-mobile-equal-layout has-vertical-flex-start\"><div class=\"wp-block-themeisle-blocks-advanced-columns-overlay\"><\/div><div class=\"innerblocks-wrap\">\n<div id=\"wp-block-themeisle-blocks-advanced-column-d4d9a4f8\" class=\"wp-block-themeisle-blocks-advanced-column\">\n<h2 class=\"wp-block-heading has-text-align-center has-text-color\" style=\"color:#ffffff;font-size:clamp(28.836px, 1.802rem + ((1vw - 3.2px) * 2.581), 50px);\">Nos r\u00e9alisation<\/h2>\n<\/div>\n<\/div><\/section>\n\n\n\n<section id=\"wp-block-themeisle-blocks-advanced-columns-b56443a0\" class=\"wp-block-themeisle-blocks-advanced-columns has-4-columns has-desktop-equal-layout has-tablet-equal-layout has-mobile-collapsedRows-layout has-vertical-flex-start\"><div class=\"wp-block-themeisle-blocks-advanced-columns-overlay\"><\/div><div class=\"innerblocks-wrap\">\n<div id=\"wp-block-themeisle-blocks-advanced-column-1bb9ffb4\" class=\"wp-block-themeisle-blocks-advanced-column\">\n<p class=\"has-text-align-center has-text-color\" style=\"color:#ffffff;font-size:clamp(42.068px, 2.629rem + ((1vw - 3.2px) * 4.626), 80px);px\"><strong>990+<\/strong><\/p>\n\n\n\n<div style=\"height:20px\" aria-hidden=\"true\" class=\"wp-block-spacer\"><\/div>\n\n\n\n<h6 class=\"wp-block-heading has-text-align-center has-white-color has-text-color\" style=\"margin-top:0px\">PROJECTS<\/h6>\n<\/div>\n\n\n\n<div id=\"wp-block-themeisle-blocks-advanced-column-e0a218d6\" class=\"wp-block-themeisle-blocks-advanced-column\">\n<p class=\"has-text-align-center has-text-color\" style=\"color:#ffffff;font-size:clamp(42.068px, 2.629rem + ((1vw - 3.2px) * 4.626), 80px);px\"><strong>130k<\/strong><\/p>\n\n\n\n<div style=\"height:20px\" aria-hidden=\"true\" class=\"wp-block-spacer\"><\/div>\n\n\n\n<h6 class=\"wp-block-heading has-text-align-center has-text-color\" style=\"color:#ffffff;margin-top:0px;margin-bottom:0px\">CLIENT ACTIVES<\/h6>\n<\/div>\n\n\n\n<div id=\"wp-block-themeisle-blocks-advanced-column-0d3b88e5\" class=\"wp-block-themeisle-blocks-advanced-column\">\n<p class=\"has-text-align-center has-text-color\" style=\"color:#ffffff;font-size:clamp(42.068px, 2.629rem + ((1vw - 3.2px) * 4.626), 80px);px\"><strong>8<\/strong><\/p>\n\n\n\n<div style=\"height:20px\" aria-hidden=\"true\" class=\"wp-block-spacer\"><\/div>\n\n\n\n<h6 class=\"wp-block-heading has-text-align-center has-text-color\" style=\"color:#ffffff;margin-top:0px\">ANS D&rsquo;EXPERIENCE<\/h6>\n<\/div>\n\n\n\n<div id=\"wp-block-themeisle-blocks-advanced-column-07a5234d\" class=\"wp-block-themeisle-blocks-advanced-column\">\n<p class=\"has-text-align-center has-text-color\" style=\"color:#ffffff;font-size:clamp(42.068px, 2.629rem + ((1vw - 3.2px) * 4.626), 80px);px\"><strong>220+<\/strong><\/p>\n\n\n\n<div style=\"height:20px\" aria-hidden=\"true\" class=\"wp-block-spacer\"><\/div>\n\n\n\n<h6 class=\"wp-block-heading has-text-align-center has-text-color\" style=\"color:#ffffff;margin-top:0px\">PARTENAIRES<\/h6>\n<\/div>\n<\/div><\/section>\n<\/div>\n<\/div><\/section>\n\n\n\n<p><\/p>\n","protected":false},"excerpt":{"rendered":"","protected":false},"author":1,"featured_media":0,"parent":0,"menu_order":3,"comment_status":"closed","ping_status":"open","template":"","meta":{"_themeisle_gutenberg_block_has_review":false,"footnotes":""},"class_list":["post-2","page","type-page","status-publish","hentry"],"_links":{"self":[{"href":"https:\/\/kivukwetuasbl.org\/index.php?rest_route=\/wp\/v2\/pages\/2","targetHints":{"allow":["GET"]}}],"collection":[{"href":"https:\/\/kivukwetuasbl.org\/index.php?rest_route=\/wp\/v2\/pages"}],"about":[{"href":"https:\/\/kivukwetuasbl.org\/index.php?rest_route=\/wp\/v2\/types\/page"}],"author":[{"embeddable":true,"href":"https:\/\/kivukwetuasbl.org\/index.php?rest_route=\/wp\/v2\/users\/1"}],"replies":[{"embeddable":true,"href":"https:\/\/kivukwetuasbl.org\/index.php?rest_route=%2Fwp%2Fv2%2Fcomments&post=2"}],"version-history":[{"count":7,"href":"https:\/\/kivukwetuasbl.org\/index.php?rest_route=\/wp\/v2\/pages\/2\/revisions"}],"predecessor-version":[{"id":226,"href":"https:\/\/kivukwetuasbl.org\/index.php?rest_route=\/wp\/v2\/pages\/2\/revisions\/226"}],"wp:attachment":[{"href":"https:\/\/kivukwetuasbl.org\/index.php?rest_route=%2Fwp%2Fv2%2Fmedia&parent=2"}],"curies":[{"name":"wp","href":"https:\/\/api.w.org\/{rel}","templated":true}]}}