{"id":39,"date":"2025-05-16T16:10:24","date_gmt":"2025-05-16T14:10:24","guid":{"rendered":"https:\/\/kivukwetuasbl.org\/?page_id=39"},"modified":"2025-05-19T02:50:53","modified_gmt":"2025-05-19T00:50:53","slug":"faire-un-don","status":"publish","type":"page","link":"https:\/\/kivukwetuasbl.org\/?page_id=39","title":{"rendered":"Faire un don"},"content":{"rendered":"\n<div id=\"wp-block-themeisle-blocks-form-3218f156\" class=\"wp-block-themeisle-blocks-form\" data-option-name=\"b7e3ef8462467cc99e579e836409c34c2b6f5954_3218f156\"><form class=\"otter-form__container\">\n<div id=\"wp-block-themeisle-blocks-form-input-9fcbfbc5\" class=\"wp-block-themeisle-blocks-form-input\"><label for=\"wp-block-themeisle-blocks-form-input-9fcbfbc5-input\" class=\"otter-form-input-label\"><span class=\"otter-form-input-label__label\">Nom<\/span><span class=\"required\">*<\/span><\/label><input type=\"text\" id=\"wp-block-themeisle-blocks-form-input-9fcbfbc5-input\" required class=\"otter-form-input\"\/><\/div>\n\n\n\n<div id=\"wp-block-themeisle-blocks-form-input-7cc6e669\" class=\"wp-block-themeisle-blocks-form-input\"><label for=\"wp-block-themeisle-blocks-form-input-7cc6e669-input\" class=\"otter-form-input-label\"><span class=\"otter-form-input-label__label\">Montant libre<\/span><\/label><input type=\"number\" id=\"wp-block-themeisle-blocks-form-input-7cc6e669-input\" class=\"otter-form-input\"\/><\/div>\n\n\n\n<div id=\"wp-block-themeisle-blocks-form-input-dc6eca32\" class=\"wp-block-themeisle-blocks-form-input\"><label for=\"wp-block-themeisle-blocks-form-input-dc6eca32-input\" class=\"otter-form-input-label\"><span class=\"otter-form-input-label__label\">Email<\/span><span class=\"required\">*<\/span><\/label><input type=\"email\" id=\"wp-block-themeisle-blocks-form-input-dc6eca32-input\" required class=\"otter-form-input\"\/><\/div>\n\n\n<div class=\"protection\" aria-hidden=\"true\"><input type=\"hidden\" id=\"wp-block-themeisle-blocks-form-3218f156_nonce_field\" name=\"wp-block-themeisle-blocks-form-3218f156_nonce_field\" value=\"f837bd321c\" \/><input type=\"hidden\" name=\"_wp_http_referer\" value=\"\/index.php?rest_route=%2Fwp%2Fv2%2Fpages%2F39\" \/><input class=\"o-anti-bot\" type=\"checkbox\"><\/div>\n\n\n<p class=\"has-extra-small-font-size\">Vous acceptez de recevoir des messages par courrier \u00e9lectronique de notre part en soumettant ce formulaire et comprenez que vos coordonn\u00e9es seront stock\u00e9es chez nous.<\/p>\n\n\n\n<p class=\"has-extra-small-font-size\">.<\/p>\n<div class=\"wp-block-button\"><button class=\"wp-block-button__link\" type=\"submit\">JE DONNE<\/button><\/div><\/form><\/div>\n","protected":false},"excerpt":{"rendered":"","protected":false},"author":1,"featured_media":0,"parent":0,"menu_order":5,"comment_status":"closed","ping_status":"closed","template":"","meta":{"_themeisle_gutenberg_block_has_review":false,"footnotes":""},"class_list":["post-39","page","type-page","status-publish","hentry"],"_links":{"self":[{"href":"https:\/\/kivukwetuasbl.org\/index.php?rest_route=\/wp\/v2\/pages\/39","targetHints":{"allow":["GET"]}}],"collection":[{"href":"https:\/\/kivukwetuasbl.org\/index.php?rest_route=\/wp\/v2\/pages"}],"about":[{"href":"https:\/\/kivukwetuasbl.org\/index.php?rest_route=\/wp\/v2\/types\/page"}],"author":[{"embeddable":true,"href":"https:\/\/kivukwetuasbl.org\/index.php?rest_route=\/wp\/v2\/users\/1"}],"replies":[{"embeddable":true,"href":"https:\/\/kivukwetuasbl.org\/index.php?rest_route=%2Fwp%2Fv2%2Fcomments&post=39"}],"version-history":[{"count":4,"href":"https:\/\/kivukwetuasbl.org\/index.php?rest_route=\/wp\/v2\/pages\/39\/revisions"}],"predecessor-version":[{"id":187,"href":"https:\/\/kivukwetuasbl.org\/index.php?rest_route=\/wp\/v2\/pages\/39\/revisions\/187"}],"wp:attachment":[{"href":"https:\/\/kivukwetuasbl.org\/index.php?rest_route=%2Fwp%2Fv2%2Fmedia&parent=39"}],"curies":[{"name":"wp","href":"https:\/\/api.w.org\/{rel}","templated":true}]}}